{"id":23,"date":"2021-12-16T18:33:43","date_gmt":"2021-12-16T17:33:43","guid":{"rendered":"http:\/\/www.lamentheuse.com\/?page_id=23"},"modified":"2025-04-14T09:32:19","modified_gmt":"2025-04-14T07:32:19","slug":"lhistoire","status":"publish","type":"page","link":"http:\/\/www.lamentheuse.com\/en\/qui-sommes-nous\/lhistoire\/","title":{"rendered":"L&rsquo;histoire"},"content":{"rendered":"\t\t<div data-elementor-type=\"wp-page\" data-elementor-id=\"23\" class=\"elementor elementor-23\" data-elementor-post-type=\"page\">\n\t\t\t\t\t\t<section class=\"elementor-section elementor-top-section elementor-element elementor-element-52b265db elementor-section-boxed elementor-section-height-default elementor-section-height-default elementor-invisible\" data-id=\"52b265db\" data-element_type=\"section\" data-e-type=\"section\" data-settings=\"{&quot;background_background&quot;:&quot;classic&quot;,&quot;shape_divider_bottom&quot;:&quot;triangle&quot;,&quot;shape_divider_bottom_negative&quot;:&quot;yes&quot;,&quot;animation&quot;:&quot;slideInDown&quot;}\">\n\t\t\t\t\t<div class=\"elementor-shape elementor-shape-bottom\" aria-hidden=\"true\" data-negative=\"true\">\n\t\t\t<svg xmlns=\"http:\/\/www.w3.org\/2000\/svg\" viewBox=\"0 0 1000 100\" preserveAspectRatio=\"none\">\n\t<path class=\"elementor-shape-fill\" d=\"M500.2,94.7L0,0v100h1000V0L500.2,94.7z\"\/>\n<\/svg>\t\t<\/div>\n\t\t\t\t\t<div class=\"elementor-container elementor-column-gap-default\">\n\t\t\t\t\t<div class=\"elementor-column elementor-col-100 elementor-top-column elementor-element elementor-element-7de2d16e\" data-id=\"7de2d16e\" data-element_type=\"column\" data-e-type=\"column\">\n\t\t\t<div class=\"elementor-widget-wrap elementor-element-populated\">\n\t\t\t\t\t\t<div class=\"elementor-element elementor-element-3822b133 elementor-widget elementor-widget-spacer\" data-id=\"3822b133\" data-element_type=\"widget\" data-e-type=\"widget\" data-widget_type=\"spacer.default\">\n\t\t\t\t<div class=\"elementor-widget-container\">\n\t\t\t\t\t\t\t<div class=\"elementor-spacer\">\n\t\t\t<div class=\"elementor-spacer-inner\"><\/div>\n\t\t<\/div>\n\t\t\t\t\t\t<\/div>\n\t\t\t\t<\/div>\n\t\t\t\t\t<\/div>\n\t\t<\/div>\n\t\t\t\t\t<\/div>\n\t\t<\/section>\n\t\t\t\t<section class=\"elementor-section elementor-top-section elementor-element elementor-element-e3c319e elementor-section-boxed elementor-section-height-default elementor-section-height-default\" data-id=\"e3c319e\" data-element_type=\"section\" data-e-type=\"section\">\n\t\t\t\t\t\t<div class=\"elementor-container elementor-column-gap-default\">\n\t\t\t\t\t<div class=\"elementor-column elementor-col-50 elementor-top-column elementor-element elementor-element-1c80f998\" data-id=\"1c80f998\" data-element_type=\"column\" data-e-type=\"column\">\n\t\t\t<div class=\"elementor-widget-wrap elementor-element-populated\">\n\t\t\t\t\t\t<div class=\"elementor-element elementor-element-3a383b58 elementor-invisible elementor-widget elementor-widget-heading\" data-id=\"3a383b58\" data-element_type=\"widget\" data-e-type=\"widget\" data-settings=\"{&quot;_animation&quot;:&quot;slideInLeft&quot;}\" data-widget_type=\"heading.default\">\n\t\t\t\t<div class=\"elementor-widget-container\">\n\t\t\t\t\t<h2 class=\"elementor-heading-title elementor-size-default\">Un concentr\u00e9 d\u2019authenticit\u00e9 et de fra\u00eecheur<\/h2>\t\t\t\t<\/div>\n\t\t\t\t<\/div>\n\t\t\t\t<div class=\"elementor-element elementor-element-5748ebfa elementor-widget elementor-widget-spacer\" data-id=\"5748ebfa\" data-element_type=\"widget\" data-e-type=\"widget\" data-widget_type=\"spacer.default\">\n\t\t\t\t<div class=\"elementor-widget-container\">\n\t\t\t\t\t\t\t<div class=\"elementor-spacer\">\n\t\t\t<div class=\"elementor-spacer-inner\"><\/div>\n\t\t<\/div>\n\t\t\t\t\t\t<\/div>\n\t\t\t\t<\/div>\n\t\t\t\t<div class=\"elementor-element elementor-element-40466a2e animated-slow elementor-invisible elementor-widget elementor-widget-text-editor\" data-id=\"40466a2e\" data-element_type=\"widget\" data-e-type=\"widget\" data-settings=\"{&quot;_animation&quot;:&quot;slideInLeft&quot;}\" data-widget_type=\"text-editor.default\">\n\t\t\t\t<div class=\"elementor-widget-container\">\n\t\t\t\t\t\t\t\t\t<p>Originaire du <b>sud de la France<\/b>, l\u00e0 o\u00f9 la chaleur du soleil rencontre la brise l\u00e9g\u00e8re, La Mentheuse est un concentr\u00e9 d\u2019authenticit\u00e9 et de fra\u00eecheur.<\/p><p>C\u2019est avant tout la rencontre de trois amis \u00e9picuriens anim\u00e9s par l\u2019envie de cr\u00e9er un produit de qualit\u00e9, authentique et r\u00e9solument moderne.<\/p><p>C\u2019est ainsi que sont n\u00e9\u00e9es la <b>Mentheuse<\/b><b>, <\/b>La <b>Pulpeuse<\/b> et la <b>Croqueuse<\/b>; trois liqueurs aux saveurs singuli\u00e8res<\/p>\t\t\t\t\t\t\t\t<\/div>\n\t\t\t\t<\/div>\n\t\t\t\t\t<\/div>\n\t\t<\/div>\n\t\t\t\t<div class=\"elementor-column elementor-col-50 elementor-top-column elementor-element elementor-element-778b5570\" data-id=\"778b5570\" data-element_type=\"column\" data-e-type=\"column\">\n\t\t\t<div class=\"elementor-widget-wrap elementor-element-populated\">\n\t\t\t\t\t\t<div class=\"elementor-element elementor-element-4c89328a e-transform elementor-invisible elementor-widget elementor-widget-image\" data-id=\"4c89328a\" data-element_type=\"widget\" data-e-type=\"widget\" data-settings=\"{&quot;motion_fx_motion_fx_scrolling&quot;:&quot;yes&quot;,&quot;motion_fx_translateX_effect&quot;:&quot;yes&quot;,&quot;_animation&quot;:&quot;slideInRight&quot;,&quot;_transform_translateX_effect&quot;:{&quot;unit&quot;:&quot;px&quot;,&quot;size&quot;:97,&quot;sizes&quot;:[]},&quot;_transform_translateX_effect_mobile&quot;:{&quot;unit&quot;:&quot;px&quot;,&quot;size&quot;:-36,&quot;sizes&quot;:[]},&quot;_transform_translateX_effect_tablet&quot;:{&quot;unit&quot;:&quot;px&quot;,&quot;size&quot;:-49,&quot;sizes&quot;:[]},&quot;motion_fx_translateX_speed&quot;:{&quot;unit&quot;:&quot;px&quot;,&quot;size&quot;:4,&quot;sizes&quot;:[]},&quot;motion_fx_translateX_affectedRange&quot;:{&quot;unit&quot;:&quot;%&quot;,&quot;size&quot;:&quot;&quot;,&quot;sizes&quot;:{&quot;start&quot;:0,&quot;end&quot;:100}},&quot;motion_fx_devices&quot;:[&quot;desktop&quot;,&quot;tablet&quot;,&quot;mobile&quot;],&quot;_transform_translateY_effect&quot;:{&quot;unit&quot;:&quot;px&quot;,&quot;size&quot;:&quot;&quot;,&quot;sizes&quot;:[]},&quot;_transform_translateY_effect_tablet&quot;:{&quot;unit&quot;:&quot;px&quot;,&quot;size&quot;:&quot;&quot;,&quot;sizes&quot;:[]},&quot;_transform_translateY_effect_mobile&quot;:{&quot;unit&quot;:&quot;px&quot;,&quot;size&quot;:&quot;&quot;,&quot;sizes&quot;:[]}}\" data-widget_type=\"image.default\">\n\t\t\t\t<div class=\"elementor-widget-container\">\n\t\t\t\t\t\t\t\t\t\t\t\t\t\t\t<img fetchpriority=\"high\" decoding=\"async\" width=\"800\" height=\"566\" src=\"https:\/\/www.lamentheuse.com\/wp-content\/uploads\/2025\/04\/I7A0232-1024x724.jpg\" class=\"attachment-large size-large wp-image-7565\" alt=\"\" srcset=\"https:\/\/www.lamentheuse.com\/wp-content\/uploads\/2025\/04\/I7A0232-1024x724.jpg 1024w, https:\/\/www.lamentheuse.com\/wp-content\/uploads\/2025\/04\/I7A0232-300x212.jpg 300w, https:\/\/www.lamentheuse.com\/wp-content\/uploads\/2025\/04\/I7A0232-768x543.jpg 768w, https:\/\/www.lamentheuse.com\/wp-content\/uploads\/2025\/04\/I7A0232-1536x1086.jpg 1536w, https:\/\/www.lamentheuse.com\/wp-content\/uploads\/2025\/04\/I7A0232-18x12.jpg 18w, https:\/\/www.lamentheuse.com\/wp-content\/uploads\/2025\/04\/I7A0232.jpg 2000w\" sizes=\"(max-width: 800px) 100vw, 800px\" \/>\t\t\t\t\t\t\t\t\t\t\t\t\t\t\t<\/div>\n\t\t\t\t<\/div>\n\t\t\t\t\t<\/div>\n\t\t<\/div>\n\t\t\t\t\t<\/div>\n\t\t<\/section>\n\t\t\t\t<section class=\"elementor-section elementor-top-section elementor-element elementor-element-6f12d204 elementor-reverse-tablet elementor-reverse-mobile elementor-section-boxed elementor-section-height-default elementor-section-height-default\" data-id=\"6f12d204\" data-element_type=\"section\" data-e-type=\"section\">\n\t\t\t\t\t\t<div class=\"elementor-container elementor-column-gap-default\">\n\t\t\t\t\t<div class=\"elementor-column elementor-col-50 elementor-top-column elementor-element elementor-element-4f876c02\" data-id=\"4f876c02\" data-element_type=\"column\" data-e-type=\"column\">\n\t\t\t<div class=\"elementor-widget-wrap elementor-element-populated\">\n\t\t\t\t\t\t<div class=\"elementor-element elementor-element-1452d846 animated-slow e-transform elementor-invisible elementor-widget elementor-widget-image\" data-id=\"1452d846\" data-element_type=\"widget\" data-e-type=\"widget\" data-settings=\"{&quot;motion_fx_motion_fx_scrolling&quot;:&quot;yes&quot;,&quot;motion_fx_translateX_effect&quot;:&quot;yes&quot;,&quot;motion_fx_translateX_direction&quot;:&quot;negative&quot;,&quot;motion_fx_translateX_speed&quot;:{&quot;unit&quot;:&quot;px&quot;,&quot;size&quot;:2,&quot;sizes&quot;:[]},&quot;_animation&quot;:&quot;slideInLeft&quot;,&quot;_transform_translateX_effect&quot;:{&quot;unit&quot;:&quot;px&quot;,&quot;size&quot;:-134,&quot;sizes&quot;:[]},&quot;_transform_translateX_effect_mobile&quot;:{&quot;unit&quot;:&quot;px&quot;,&quot;size&quot;:-24,&quot;sizes&quot;:[]},&quot;motion_fx_translateX_affectedRange&quot;:{&quot;unit&quot;:&quot;%&quot;,&quot;size&quot;:&quot;&quot;,&quot;sizes&quot;:{&quot;start&quot;:0,&quot;end&quot;:100}},&quot;motion_fx_devices&quot;:[&quot;desktop&quot;,&quot;tablet&quot;,&quot;mobile&quot;],&quot;_transform_translateX_effect_tablet&quot;:{&quot;unit&quot;:&quot;px&quot;,&quot;size&quot;:&quot;&quot;,&quot;sizes&quot;:[]},&quot;_transform_translateY_effect&quot;:{&quot;unit&quot;:&quot;px&quot;,&quot;size&quot;:&quot;&quot;,&quot;sizes&quot;:[]},&quot;_transform_translateY_effect_tablet&quot;:{&quot;unit&quot;:&quot;px&quot;,&quot;size&quot;:&quot;&quot;,&quot;sizes&quot;:[]},&quot;_transform_translateY_effect_mobile&quot;:{&quot;unit&quot;:&quot;px&quot;,&quot;size&quot;:&quot;&quot;,&quot;sizes&quot;:[]}}\" data-widget_type=\"image.default\">\n\t\t\t\t<div class=\"elementor-widget-container\">\n\t\t\t\t\t\t\t\t\t\t\t\t\t\t\t<img decoding=\"async\" width=\"683\" height=\"1024\" src=\"https:\/\/www.lamentheuse.com\/wp-content\/uploads\/2022\/05\/I7A0057-683x1024.jpg\" class=\"attachment-large size-large wp-image-6237\" alt=\"\" srcset=\"https:\/\/www.lamentheuse.com\/wp-content\/uploads\/2022\/05\/I7A0057-683x1024.jpg 683w, https:\/\/www.lamentheuse.com\/wp-content\/uploads\/2022\/05\/I7A0057-200x300.jpg 200w, https:\/\/www.lamentheuse.com\/wp-content\/uploads\/2022\/05\/I7A0057-768x1152.jpg 768w, https:\/\/www.lamentheuse.com\/wp-content\/uploads\/2022\/05\/I7A0057-1024x1536.jpg 1024w, https:\/\/www.lamentheuse.com\/wp-content\/uploads\/2022\/05\/I7A0057-scaled.jpg 1365w, https:\/\/www.lamentheuse.com\/wp-content\/uploads\/2022\/05\/I7A0057-8x12.jpg 8w\" sizes=\"(max-width: 683px) 100vw, 683px\" \/>\t\t\t\t\t\t\t\t\t\t\t\t\t\t\t<\/div>\n\t\t\t\t<\/div>\n\t\t\t\t\t<\/div>\n\t\t<\/div>\n\t\t\t\t<div class=\"elementor-column elementor-col-50 elementor-top-column elementor-element elementor-element-77536de6\" data-id=\"77536de6\" data-element_type=\"column\" data-e-type=\"column\">\n\t\t\t<div class=\"elementor-widget-wrap elementor-element-populated\">\n\t\t\t\t\t\t<div class=\"elementor-element elementor-element-154add2d elementor-invisible elementor-widget elementor-widget-heading\" data-id=\"154add2d\" data-element_type=\"widget\" data-e-type=\"widget\" data-settings=\"{&quot;_animation&quot;:&quot;slideInRight&quot;}\" data-widget_type=\"heading.default\">\n\t\t\t\t<div class=\"elementor-widget-container\">\n\t\t\t\t\t<h2 class=\"elementor-heading-title elementor-size-default\">Labellis\u00e9es Sud de France<\/h2>\t\t\t\t<\/div>\n\t\t\t\t<\/div>\n\t\t\t\t<div class=\"elementor-element elementor-element-1fa3b405 elementor-widget elementor-widget-spacer\" data-id=\"1fa3b405\" data-element_type=\"widget\" data-e-type=\"widget\" data-widget_type=\"spacer.default\">\n\t\t\t\t<div class=\"elementor-widget-container\">\n\t\t\t\t\t\t\t<div class=\"elementor-spacer\">\n\t\t\t<div class=\"elementor-spacer-inner\"><\/div>\n\t\t<\/div>\n\t\t\t\t\t\t<\/div>\n\t\t\t\t<\/div>\n\t\t\t\t<div class=\"elementor-element elementor-element-214ab508 animated-slow elementor-invisible elementor-widget elementor-widget-text-editor\" data-id=\"214ab508\" data-element_type=\"widget\" data-e-type=\"widget\" data-settings=\"{&quot;_animation&quot;:&quot;slideInRight&quot;}\" data-widget_type=\"text-editor.default\">\n\t\t\t\t<div class=\"elementor-widget-container\">\n\t\t\t\t\t\t\t\t\t<p id=\"u2455-15\">Ils ont donc imagin\u00e9 en avril 2018 apr\u00e8s de longs mois de recherches avec notre distillerie sp\u00e9cialis\u00e9e en alcool de vins en Occitanie, une cr\u00e8me sans additif, plus l\u00e9g\u00e8re en alcool et plus discr\u00e8te en sucre afin de faire ressortir les ar\u00f4mes naturels de trois menthes, La Mentheuse.<\/p><p id=\"u2455-18\">Son compl\u00e9ment indispensable, la cr\u00e8me de citron, est sortie \u00e0 son tour apr\u00e8s une longue maturation tel un bon vin.<\/p><p id=\"u2455-21\">La derni\u00e8re cr\u00e9ation digestive de La Mentheuse vient de sortir : La Croqueuse ! Cette saison, la pomme sera la nouvelle \u00e9g\u00e9rie des soir\u00e9es d\u2019Occitanie.<\/p><p id=\"u2455-24\">Toutes les trois contiennent des ingr\u00e9dients labellis\u00e9s 100% Sud de France*<\/p><p id=\"u2455-27\">La Mentheuse, La Pulpeuse et La Croqueuse forment un trio de charme peu alcoolis\u00e9 qui remet au go\u00fbt du jour un instant si typiquement fran\u00e7ais : la d\u00e9gustation d\u2019un digestif rafraichissant.<\/p><p><em>*LABEL Sud de France, d\u00e9cern\u00e9 par la r\u00e9gion Occitanie<\/em><\/p>\t\t\t\t\t\t\t\t<\/div>\n\t\t\t\t<\/div>\n\t\t\t\t<div class=\"elementor-element elementor-element-4b437253 animated-slow elementor-invisible elementor-widget elementor-widget-image\" data-id=\"4b437253\" data-element_type=\"widget\" data-e-type=\"widget\" data-settings=\"{&quot;_animation&quot;:&quot;slideInRight&quot;}\" data-widget_type=\"image.default\">\n\t\t\t\t<div class=\"elementor-widget-container\">\n\t\t\t\t\t\t\t\t\t\t\t\t\t\t\t<img decoding=\"async\" width=\"800\" height=\"132\" src=\"https:\/\/www.lamentheuse.com\/wp-content\/uploads\/2021\/12\/label-sud-de-france-1024x169.png\" class=\"attachment-large size-large wp-image-5576\" alt=\"\" srcset=\"https:\/\/www.lamentheuse.com\/wp-content\/uploads\/2021\/12\/label-sud-de-france-1024x169.png 1024w, https:\/\/www.lamentheuse.com\/wp-content\/uploads\/2021\/12\/label-sud-de-france-300x50.png 300w, https:\/\/www.lamentheuse.com\/wp-content\/uploads\/2021\/12\/label-sud-de-france-768x127.png 768w, https:\/\/www.lamentheuse.com\/wp-content\/uploads\/2021\/12\/label-sud-de-france-18x3.png 18w, https:\/\/www.lamentheuse.com\/wp-content\/uploads\/2021\/12\/label-sud-de-france-600x99.png 600w, https:\/\/www.lamentheuse.com\/wp-content\/uploads\/2021\/12\/label-sud-de-france.png 1500w\" sizes=\"(max-width: 800px) 100vw, 800px\" \/>\t\t\t\t\t\t\t\t\t\t\t\t\t\t\t<\/div>\n\t\t\t\t<\/div>\n\t\t\t\t\t<\/div>\n\t\t<\/div>\n\t\t\t\t\t<\/div>\n\t\t<\/section>\n\t\t\t\t<\/div>\n\t\t","protected":false},"excerpt":{"rendered":"<p>Un concentr\u00e9 d\u2019authenticit\u00e9 et de fra\u00eecheur Originaire du sud de la France, l\u00e0 o\u00f9 la chaleur du soleil rencontre la brise l\u00e9g\u00e8re, La Mentheuse est un concentr\u00e9 d\u2019authenticit\u00e9 et de fra\u00eecheur. C\u2019est avant tout la rencontre de trois amis \u00e9picuriens anim\u00e9s par l\u2019envie de cr\u00e9er un produit de qualit\u00e9, authentique et r\u00e9solument moderne. C\u2019est ainsi [&hellip;]<\/p>\n","protected":false},"author":1,"featured_media":0,"parent":13,"menu_order":1,"comment_status":"closed","ping_status":"closed","template":"","meta":{"footnotes":""},"class_list":["post-23","page","type-page","status-publish","hentry"],"yoast_head":"<!-- This site is optimized with the Yoast SEO plugin v27.5 - https:\/\/yoast.com\/product\/yoast-seo-wordpress\/ -->\n<title>L&#039;histoire - LA MENTHEUSE<\/title>\n<meta name=\"robots\" content=\"index, follow, max-snippet:-1, max-image-preview:large, max-video-preview:-1\" \/>\n<link rel=\"canonical\" href=\"https:\/\/www.lamentheuse.com\/en\/qui-sommes-nous\/lhistoire\/\" \/>\n<meta property=\"og:locale\" content=\"en_GB\" \/>\n<meta property=\"og:type\" content=\"article\" \/>\n<meta property=\"og:title\" content=\"L&#039;histoire - LA MENTHEUSE\" \/>\n<meta property=\"og:description\" content=\"Un concentr\u00e9 d\u2019authenticit\u00e9 et de fra\u00eecheur Originaire du sud de la France, l\u00e0 o\u00f9 la chaleur du soleil rencontre la brise l\u00e9g\u00e8re, La Mentheuse est un concentr\u00e9 d\u2019authenticit\u00e9 et de fra\u00eecheur. C\u2019est avant tout la rencontre de trois amis \u00e9picuriens anim\u00e9s par l\u2019envie de cr\u00e9er un produit de qualit\u00e9, authentique et r\u00e9solument moderne. C\u2019est ainsi [&hellip;]\" \/>\n<meta property=\"og:url\" content=\"https:\/\/www.lamentheuse.com\/en\/qui-sommes-nous\/lhistoire\/\" \/>\n<meta property=\"og:site_name\" content=\"LA MENTHEUSE\" \/>\n<meta property=\"article:modified_time\" content=\"2025-04-14T07:32:19+00:00\" \/>\n<meta property=\"og:image\" content=\"https:\/\/www.lamentheuse.com\/wp-content\/uploads\/2025\/04\/I7A0232.jpg\" \/>\n\t<meta property=\"og:image:width\" content=\"2000\" \/>\n\t<meta property=\"og:image:height\" content=\"1414\" \/>\n\t<meta property=\"og:image:type\" content=\"image\/jpeg\" \/>\n<meta name=\"twitter:card\" content=\"summary_large_image\" \/>\n<meta name=\"twitter:label1\" content=\"Estimated reading time\" \/>\n\t<meta name=\"twitter:data1\" content=\"2 minutes\" \/>\n<script type=\"application\/ld+json\" class=\"yoast-schema-graph\">{\"@context\":\"https:\\\/\\\/schema.org\",\"@graph\":[{\"@type\":\"WebPage\",\"@id\":\"https:\\\/\\\/www.lamentheuse.com\\\/qui-sommes-nous\\\/lhistoire\\\/\",\"url\":\"https:\\\/\\\/www.lamentheuse.com\\\/qui-sommes-nous\\\/lhistoire\\\/\",\"name\":\"L'histoire - LA MENTHEUSE\",\"isPartOf\":{\"@id\":\"https:\\\/\\\/www.lamentheuse.com\\\/#website\"},\"primaryImageOfPage\":{\"@id\":\"https:\\\/\\\/www.lamentheuse.com\\\/qui-sommes-nous\\\/lhistoire\\\/#primaryimage\"},\"image\":{\"@id\":\"https:\\\/\\\/www.lamentheuse.com\\\/qui-sommes-nous\\\/lhistoire\\\/#primaryimage\"},\"thumbnailUrl\":\"https:\\\/\\\/www.lamentheuse.com\\\/wp-content\\\/uploads\\\/2025\\\/04\\\/I7A0232-1024x724.jpg\",\"datePublished\":\"2021-12-16T17:33:43+00:00\",\"dateModified\":\"2025-04-14T07:32:19+00:00\",\"breadcrumb\":{\"@id\":\"https:\\\/\\\/www.lamentheuse.com\\\/qui-sommes-nous\\\/lhistoire\\\/#breadcrumb\"},\"inLanguage\":\"en-GB\",\"potentialAction\":[{\"@type\":\"ReadAction\",\"target\":[\"https:\\\/\\\/www.lamentheuse.com\\\/qui-sommes-nous\\\/lhistoire\\\/\"]}]},{\"@type\":\"ImageObject\",\"inLanguage\":\"en-GB\",\"@id\":\"https:\\\/\\\/www.lamentheuse.com\\\/qui-sommes-nous\\\/lhistoire\\\/#primaryimage\",\"url\":\"https:\\\/\\\/www.lamentheuse.com\\\/wp-content\\\/uploads\\\/2025\\\/04\\\/I7A0232-1024x724.jpg\",\"contentUrl\":\"https:\\\/\\\/www.lamentheuse.com\\\/wp-content\\\/uploads\\\/2025\\\/04\\\/I7A0232-1024x724.jpg\"},{\"@type\":\"BreadcrumbList\",\"@id\":\"https:\\\/\\\/www.lamentheuse.com\\\/qui-sommes-nous\\\/lhistoire\\\/#breadcrumb\",\"itemListElement\":[{\"@type\":\"ListItem\",\"position\":1,\"name\":\"Accueil\",\"item\":\"https:\\\/\\\/www.lamentheuse.com\\\/\"},{\"@type\":\"ListItem\",\"position\":2,\"name\":\"Qui sommes-nous ?\",\"item\":\"https:\\\/\\\/www.lamentheuse.com\\\/qui-sommes-nous\\\/\"},{\"@type\":\"ListItem\",\"position\":3,\"name\":\"L&rsquo;histoire\"}]},{\"@type\":\"WebSite\",\"@id\":\"https:\\\/\\\/www.lamentheuse.com\\\/#website\",\"url\":\"https:\\\/\\\/www.lamentheuse.com\\\/\",\"name\":\"LA MENTHEUSE\",\"description\":\"Les cr\u00e8mes d&#039;antan tout en l\u00e9g\u00e8ret\u00e9 et fra\u00eecheur\",\"potentialAction\":[{\"@type\":\"SearchAction\",\"target\":{\"@type\":\"EntryPoint\",\"urlTemplate\":\"https:\\\/\\\/www.lamentheuse.com\\\/?s={search_term_string}\"},\"query-input\":{\"@type\":\"PropertyValueSpecification\",\"valueRequired\":true,\"valueName\":\"search_term_string\"}}],\"inLanguage\":\"en-GB\"}]}<\/script>\n<!-- \/ Yoast SEO plugin. -->","yoast_head_json":{"title":"L'histoire - LA MENTHEUSE","robots":{"index":"index","follow":"follow","max-snippet":"max-snippet:-1","max-image-preview":"max-image-preview:large","max-video-preview":"max-video-preview:-1"},"canonical":"https:\/\/www.lamentheuse.com\/en\/qui-sommes-nous\/lhistoire\/","og_locale":"en_GB","og_type":"article","og_title":"L'histoire - LA MENTHEUSE","og_description":"Un concentr\u00e9 d\u2019authenticit\u00e9 et de fra\u00eecheur Originaire du sud de la France, l\u00e0 o\u00f9 la chaleur du soleil rencontre la brise l\u00e9g\u00e8re, La Mentheuse est un concentr\u00e9 d\u2019authenticit\u00e9 et de fra\u00eecheur. C\u2019est avant tout la rencontre de trois amis \u00e9picuriens anim\u00e9s par l\u2019envie de cr\u00e9er un produit de qualit\u00e9, authentique et r\u00e9solument moderne. C\u2019est ainsi [&hellip;]","og_url":"https:\/\/www.lamentheuse.com\/en\/qui-sommes-nous\/lhistoire\/","og_site_name":"LA MENTHEUSE","article_modified_time":"2025-04-14T07:32:19+00:00","og_image":[{"width":2000,"height":1414,"url":"https:\/\/www.lamentheuse.com\/wp-content\/uploads\/2025\/04\/I7A0232.jpg","type":"image\/jpeg"}],"twitter_card":"summary_large_image","twitter_misc":{"Estimated reading time":"2 minutes"},"schema":{"@context":"https:\/\/schema.org","@graph":[{"@type":"WebPage","@id":"https:\/\/www.lamentheuse.com\/qui-sommes-nous\/lhistoire\/","url":"https:\/\/www.lamentheuse.com\/qui-sommes-nous\/lhistoire\/","name":"L'histoire - LA MENTHEUSE","isPartOf":{"@id":"https:\/\/www.lamentheuse.com\/#website"},"primaryImageOfPage":{"@id":"https:\/\/www.lamentheuse.com\/qui-sommes-nous\/lhistoire\/#primaryimage"},"image":{"@id":"https:\/\/www.lamentheuse.com\/qui-sommes-nous\/lhistoire\/#primaryimage"},"thumbnailUrl":"https:\/\/www.lamentheuse.com\/wp-content\/uploads\/2025\/04\/I7A0232-1024x724.jpg","datePublished":"2021-12-16T17:33:43+00:00","dateModified":"2025-04-14T07:32:19+00:00","breadcrumb":{"@id":"https:\/\/www.lamentheuse.com\/qui-sommes-nous\/lhistoire\/#breadcrumb"},"inLanguage":"en-GB","potentialAction":[{"@type":"ReadAction","target":["https:\/\/www.lamentheuse.com\/qui-sommes-nous\/lhistoire\/"]}]},{"@type":"ImageObject","inLanguage":"en-GB","@id":"https:\/\/www.lamentheuse.com\/qui-sommes-nous\/lhistoire\/#primaryimage","url":"https:\/\/www.lamentheuse.com\/wp-content\/uploads\/2025\/04\/I7A0232-1024x724.jpg","contentUrl":"https:\/\/www.lamentheuse.com\/wp-content\/uploads\/2025\/04\/I7A0232-1024x724.jpg"},{"@type":"BreadcrumbList","@id":"https:\/\/www.lamentheuse.com\/qui-sommes-nous\/lhistoire\/#breadcrumb","itemListElement":[{"@type":"ListItem","position":1,"name":"Accueil","item":"https:\/\/www.lamentheuse.com\/"},{"@type":"ListItem","position":2,"name":"Qui sommes-nous ?","item":"https:\/\/www.lamentheuse.com\/qui-sommes-nous\/"},{"@type":"ListItem","position":3,"name":"L&rsquo;histoire"}]},{"@type":"WebSite","@id":"https:\/\/www.lamentheuse.com\/#website","url":"https:\/\/www.lamentheuse.com\/","name":"LA MENTHEUSE","description":"Les cr\u00e8mes d&#039;antan tout en l\u00e9g\u00e8ret\u00e9 et fra\u00eecheur","potentialAction":[{"@type":"SearchAction","target":{"@type":"EntryPoint","urlTemplate":"https:\/\/www.lamentheuse.com\/?s={search_term_string}"},"query-input":{"@type":"PropertyValueSpecification","valueRequired":true,"valueName":"search_term_string"}}],"inLanguage":"en-GB"}]}},"_links":{"self":[{"href":"http:\/\/www.lamentheuse.com\/en\/wp-json\/wp\/v2\/pages\/23","targetHints":{"allow":["GET"]}}],"collection":[{"href":"http:\/\/www.lamentheuse.com\/en\/wp-json\/wp\/v2\/pages"}],"about":[{"href":"http:\/\/www.lamentheuse.com\/en\/wp-json\/wp\/v2\/types\/page"}],"author":[{"embeddable":true,"href":"http:\/\/www.lamentheuse.com\/en\/wp-json\/wp\/v2\/users\/1"}],"replies":[{"embeddable":true,"href":"http:\/\/www.lamentheuse.com\/en\/wp-json\/wp\/v2\/comments?post=23"}],"version-history":[{"count":46,"href":"http:\/\/www.lamentheuse.com\/en\/wp-json\/wp\/v2\/pages\/23\/revisions"}],"predecessor-version":[{"id":7622,"href":"http:\/\/www.lamentheuse.com\/en\/wp-json\/wp\/v2\/pages\/23\/revisions\/7622"}],"up":[{"embeddable":true,"href":"http:\/\/www.lamentheuse.com\/en\/wp-json\/wp\/v2\/pages\/13"}],"wp:attachment":[{"href":"http:\/\/www.lamentheuse.com\/en\/wp-json\/wp\/v2\/media?parent=23"}],"curies":[{"name":"wp","href":"https:\/\/api.w.org\/{rel}","templated":true}]}}