{"id":15,"date":"2021-12-16T18:32:13","date_gmt":"2021-12-16T17:32:13","guid":{"rendered":"http:\/\/www.lamentheuse.com\/?page_id=15"},"modified":"2025-04-09T08:46:59","modified_gmt":"2025-04-09T06:46:59","slug":"nos-liqueurs","status":"publish","type":"page","link":"https:\/\/www.lamentheuse.com\/en\/nos-liqueurs\/","title":{"rendered":"Our liqueurs"},"content":{"rendered":"","protected":false},"excerpt":{"rendered":"","protected":false},"author":1,"featured_media":0,"parent":0,"menu_order":3,"comment_status":"closed","ping_status":"closed","template":"","meta":{"footnotes":""},"class_list":["post-15","page","type-page","status-publish","hentry"],"yoast_head":"<!-- This site is optimized with the Yoast SEO plugin v27.3 - https:\/\/yoast.com\/product\/yoast-seo-wordpress\/ -->\n<title>Nos liqueurs - LA MENTHEUSE<\/title>\n<meta name=\"robots\" content=\"index, follow, max-snippet:-1, max-image-preview:large, max-video-preview:-1\" \/>\n<link rel=\"canonical\" href=\"https:\/\/www.lamentheuse.com\/en\/nos-liqueurs\/\" \/>\n<meta property=\"og:locale\" content=\"en_GB\" \/>\n<meta property=\"og:type\" content=\"article\" \/>\n<meta property=\"og:title\" content=\"Nos liqueurs - LA MENTHEUSE\" \/>\n<meta property=\"og:url\" content=\"https:\/\/www.lamentheuse.com\/en\/nos-liqueurs\/\" \/>\n<meta property=\"og:site_name\" content=\"LA MENTHEUSE\" \/>\n<meta property=\"article:modified_time\" content=\"2025-04-09T06:46:59+00:00\" \/>\n<meta name=\"twitter:card\" content=\"summary_large_image\" \/>\n<script type=\"application\/ld+json\" class=\"yoast-schema-graph\">{\"@context\":\"https:\\\/\\\/schema.org\",\"@graph\":[{\"@type\":\"WebPage\",\"@id\":\"https:\\\/\\\/www.lamentheuse.com\\\/nos-liqueurs\\\/\",\"url\":\"https:\\\/\\\/www.lamentheuse.com\\\/nos-liqueurs\\\/\",\"name\":\"Nos liqueurs - LA MENTHEUSE\",\"isPartOf\":{\"@id\":\"https:\\\/\\\/www.lamentheuse.com\\\/#website\"},\"datePublished\":\"2021-12-16T17:32:13+00:00\",\"dateModified\":\"2025-04-09T06:46:59+00:00\",\"breadcrumb\":{\"@id\":\"https:\\\/\\\/www.lamentheuse.com\\\/nos-liqueurs\\\/#breadcrumb\"},\"inLanguage\":\"en-GB\",\"potentialAction\":[{\"@type\":\"ReadAction\",\"target\":[\"https:\\\/\\\/www.lamentheuse.com\\\/nos-liqueurs\\\/\"]}]},{\"@type\":\"BreadcrumbList\",\"@id\":\"https:\\\/\\\/www.lamentheuse.com\\\/nos-liqueurs\\\/#breadcrumb\",\"itemListElement\":[{\"@type\":\"ListItem\",\"position\":1,\"name\":\"Accueil\",\"item\":\"https:\\\/\\\/www.lamentheuse.com\\\/\"},{\"@type\":\"ListItem\",\"position\":2,\"name\":\"Nos liqueurs\"}]},{\"@type\":\"WebSite\",\"@id\":\"https:\\\/\\\/www.lamentheuse.com\\\/#website\",\"url\":\"https:\\\/\\\/www.lamentheuse.com\\\/\",\"name\":\"LA MENTHEUSE\",\"description\":\"Les cr\u00e8mes d&#039;antan tout en l\u00e9g\u00e8ret\u00e9 et fra\u00eecheur\",\"potentialAction\":[{\"@type\":\"SearchAction\",\"target\":{\"@type\":\"EntryPoint\",\"urlTemplate\":\"https:\\\/\\\/www.lamentheuse.com\\\/?s={search_term_string}\"},\"query-input\":{\"@type\":\"PropertyValueSpecification\",\"valueRequired\":true,\"valueName\":\"search_term_string\"}}],\"inLanguage\":\"en-GB\"}]}<\/script>\n<!-- \/ Yoast SEO plugin. -->","yoast_head_json":{"title":"Nos liqueurs - LA MENTHEUSE","robots":{"index":"index","follow":"follow","max-snippet":"max-snippet:-1","max-image-preview":"max-image-preview:large","max-video-preview":"max-video-preview:-1"},"canonical":"https:\/\/www.lamentheuse.com\/en\/nos-liqueurs\/","og_locale":"en_GB","og_type":"article","og_title":"Nos liqueurs - LA MENTHEUSE","og_url":"https:\/\/www.lamentheuse.com\/en\/nos-liqueurs\/","og_site_name":"LA MENTHEUSE","article_modified_time":"2025-04-09T06:46:59+00:00","twitter_card":"summary_large_image","schema":{"@context":"https:\/\/schema.org","@graph":[{"@type":"WebPage","@id":"https:\/\/www.lamentheuse.com\/nos-liqueurs\/","url":"https:\/\/www.lamentheuse.com\/nos-liqueurs\/","name":"Nos liqueurs - LA MENTHEUSE","isPartOf":{"@id":"https:\/\/www.lamentheuse.com\/#website"},"datePublished":"2021-12-16T17:32:13+00:00","dateModified":"2025-04-09T06:46:59+00:00","breadcrumb":{"@id":"https:\/\/www.lamentheuse.com\/nos-liqueurs\/#breadcrumb"},"inLanguage":"en-GB","potentialAction":[{"@type":"ReadAction","target":["https:\/\/www.lamentheuse.com\/nos-liqueurs\/"]}]},{"@type":"BreadcrumbList","@id":"https:\/\/www.lamentheuse.com\/nos-liqueurs\/#breadcrumb","itemListElement":[{"@type":"ListItem","position":1,"name":"Accueil","item":"https:\/\/www.lamentheuse.com\/"},{"@type":"ListItem","position":2,"name":"Nos liqueurs"}]},{"@type":"WebSite","@id":"https:\/\/www.lamentheuse.com\/#website","url":"https:\/\/www.lamentheuse.com\/","name":"LA MENTHEUSE","description":"Les cr\u00e8mes d&#039;antan tout en l\u00e9g\u00e8ret\u00e9 et fra\u00eecheur","potentialAction":[{"@type":"SearchAction","target":{"@type":"EntryPoint","urlTemplate":"https:\/\/www.lamentheuse.com\/?s={search_term_string}"},"query-input":{"@type":"PropertyValueSpecification","valueRequired":true,"valueName":"search_term_string"}}],"inLanguage":"en-GB"}]}},"_links":{"self":[{"href":"https:\/\/www.lamentheuse.com\/en\/wp-json\/wp\/v2\/pages\/15","targetHints":{"allow":["GET"]}}],"collection":[{"href":"https:\/\/www.lamentheuse.com\/en\/wp-json\/wp\/v2\/pages"}],"about":[{"href":"https:\/\/www.lamentheuse.com\/en\/wp-json\/wp\/v2\/types\/page"}],"author":[{"embeddable":true,"href":"https:\/\/www.lamentheuse.com\/en\/wp-json\/wp\/v2\/users\/1"}],"replies":[{"embeddable":true,"href":"https:\/\/www.lamentheuse.com\/en\/wp-json\/wp\/v2\/comments?post=15"}],"version-history":[{"count":2,"href":"https:\/\/www.lamentheuse.com\/en\/wp-json\/wp\/v2\/pages\/15\/revisions"}],"predecessor-version":[{"id":7550,"href":"https:\/\/www.lamentheuse.com\/en\/wp-json\/wp\/v2\/pages\/15\/revisions\/7550"}],"wp:attachment":[{"href":"https:\/\/www.lamentheuse.com\/en\/wp-json\/wp\/v2\/media?parent=15"}],"curies":[{"name":"wp","href":"https:\/\/api.w.org\/{rel}","templated":true}]}}