{"id":40,"date":"2021-12-16T18:42:50","date_gmt":"2021-12-16T17:42:50","guid":{"rendered":"http:\/\/www.lamentheuse.com\/?page_id=40"},"modified":"2022-05-05T19:05:02","modified_gmt":"2022-05-05T17:05:02","slug":"mentions-legales","status":"publish","type":"page","link":"https:\/\/www.lamentheuse.com\/en\/contact\/mentions-legales\/","title":{"rendered":"Legal notice"},"content":{"rendered":"<div data-elementor-type=\"wp-page\" data-elementor-id=\"40\" class=\"elementor elementor-40\" data-elementor-post-type=\"page\">\n\t\t\t\t\t\t<section class=\"elementor-section elementor-top-section elementor-element elementor-element-40d03643 elementor-section-boxed elementor-section-height-default elementor-section-height-default elementor-invisible\" data-id=\"40d03643\" data-element_type=\"section\" data-e-type=\"section\" data-settings=\"{&quot;background_background&quot;:&quot;classic&quot;,&quot;shape_divider_bottom&quot;:&quot;triangle&quot;,&quot;shape_divider_bottom_negative&quot;:&quot;yes&quot;,&quot;animation&quot;:&quot;slideInDown&quot;}\">\n\t\t\t\t\t<div class=\"elementor-shape elementor-shape-bottom\" aria-hidden=\"true\" data-negative=\"true\">\n\t\t\t<svg xmlns=\"http:\/\/www.w3.org\/2000\/svg\" viewbox=\"0 0 1000 100\" preserveaspectratio=\"none\">\n\t<path class=\"elementor-shape-fill\" d=\"M500.2,94.7L0,0v100h1000V0L500.2,94.7z\"\/>\n<\/svg>\t\t<\/div>\n\t\t\t\t\t<div class=\"elementor-container elementor-column-gap-default\">\n\t\t\t\t\t<div class=\"elementor-column elementor-col-100 elementor-top-column elementor-element elementor-element-4481ea98\" data-id=\"4481ea98\" data-element_type=\"column\" data-e-type=\"column\">\n\t\t\t<div class=\"elementor-widget-wrap elementor-element-populated\">\n\t\t\t\t\t\t<div class=\"elementor-element elementor-element-251661b8 elementor-widget elementor-widget-spacer\" data-id=\"251661b8\" data-element_type=\"widget\" data-e-type=\"widget\" data-widget_type=\"spacer.default\">\n\t\t\t\t<div class=\"elementor-widget-container\">\n\t\t\t\t\t\t\t<div class=\"elementor-spacer\">\n\t\t\t<div class=\"elementor-spacer-inner\"><\/div>\n\t\t<\/div>\n\t\t\t\t\t\t<\/div>\n\t\t\t\t<\/div>\n\t\t\t\t\t<\/div>\n\t\t<\/div>\n\t\t\t\t\t<\/div>\n\t\t<\/section>\n\t\t\t\t<section class=\"elementor-section elementor-top-section elementor-element elementor-element-414b9213 elementor-section-boxed elementor-section-height-default elementor-section-height-default\" data-id=\"414b9213\" data-element_type=\"section\" data-e-type=\"section\">\n\t\t\t\t\t\t<div class=\"elementor-container elementor-column-gap-default\">\n\t\t\t\t\t<div class=\"elementor-column elementor-col-100 elementor-top-column elementor-element elementor-element-4b353c5b\" data-id=\"4b353c5b\" data-element_type=\"column\" data-e-type=\"column\">\n\t\t\t<div class=\"elementor-widget-wrap elementor-element-populated\">\n\t\t\t\t\t\t<div class=\"elementor-element elementor-element-ccd322e elementor-widget elementor-widget-spacer\" data-id=\"ccd322e\" data-element_type=\"widget\" data-e-type=\"widget\" data-widget_type=\"spacer.default\">\n\t\t\t\t<div class=\"elementor-widget-container\">\n\t\t\t\t\t\t\t<div class=\"elementor-spacer\">\n\t\t\t<div class=\"elementor-spacer-inner\"><\/div>\n\t\t<\/div>\n\t\t\t\t\t\t<\/div>\n\t\t\t\t<\/div>\n\t\t\t\t<div class=\"elementor-element elementor-element-59a724 elementor-invisible elementor-widget elementor-widget-heading\" data-id=\"59a724\" data-element_type=\"widget\" data-e-type=\"widget\" data-settings=\"{&quot;_animation&quot;:&quot;slideInLeft&quot;}\" data-widget_type=\"heading.default\">\n\t\t\t\t<div class=\"elementor-widget-container\">\n\t\t\t\t\t<h2 class=\"elementor-heading-title elementor-size-default\">Legal notice<\/h2>\t\t\t\t<\/div>\n\t\t\t\t<\/div>\n\t\t\t\t<div class=\"elementor-element elementor-element-32801d36 elementor-widget elementor-widget-spacer\" data-id=\"32801d36\" data-element_type=\"widget\" data-e-type=\"widget\" data-widget_type=\"spacer.default\">\n\t\t\t\t<div class=\"elementor-widget-container\">\n\t\t\t\t\t\t\t<div class=\"elementor-spacer\">\n\t\t\t<div class=\"elementor-spacer-inner\"><\/div>\n\t\t<\/div>\n\t\t\t\t\t\t<\/div>\n\t\t\t\t<\/div>\n\t\t\t\t<div class=\"elementor-element elementor-element-63697756 animated-slow elementor-invisible elementor-widget elementor-widget-text-editor\" data-id=\"63697756\" data-element_type=\"widget\" data-e-type=\"widget\" data-settings=\"{&quot;_animation&quot;:&quot;slideInLeft&quot;}\" data-widget_type=\"text-editor.default\">\n\t\t\t\t<div class=\"elementor-widget-container\">\n\t\t\t\t\t\t\t\t\t<div id=\"u5048-4\" class=\"clearfix colelem shared_content\" data-muse-uid=\"U5048\" data-muse-type=\"txt_frame\" data-ibe-flags=\"txtStyleSrc\" data-content-guid=\"u5048-4_content\">\n<h5 id=\"u5048-2\">SITE, CI-APR\u00c8S \u00ab\u00a0LE SITE\u00a0\u00bb<\/h5>\n<\/div>\n<div id=\"u5046-62\" class=\"clearfix colelem shared_content\" data-muse-uid=\"U5046\" data-muse-type=\"txt_frame\" data-ibe-flags=\"txtStyleSrc\" data-content-guid=\"u5046-62_content\">\n<p id=\"u5046-6\"><a class=\"nonblock\" href=\"http:\/\/www.lamentheuse.com\/en\/\"><span id=\"u5046-4\">www.lamentheuse.com<\/span><\/a><\/p>\n\n<h5 id=\"u5046-11\">DIRECTEUR DE PUBLICATION DU SITE<\/h5>\n<p id=\"u5046-14\">Monsieur Lionel Albano<\/p>\n\n<h5 id=\"u5046-19\">EDITEUR DU SITE, CI-APR\u00c8S \u00ab\u00a0L\u2019EDITEUR\u00a0\u00bb<\/h5>\n<p id=\"u5046-22\"><strong>LA MENTHEUSE<\/strong>\n<br>\nSARL au capital de 10.000 euros,\n<br>\ndont le si\u00e8ge social est \u00e0 AGDE (34300), rue Pierre Paul Riquet n\u00b011, immatricul\u00e9e au RCS de AGDE sous le num\u00e9ro 837 707 991\n<br>\n<a class=\"nonblock\" href=\"mailto:contact@lamentheuse.com\"><span id=\"u5046-27\">contact@lamentheuse.com<\/span><\/a><\/p>\n\n<h5 id=\"u5046-35\">CONCEPTION ET R\u00c9ALISATION DU SITE, CI-APR\u00c8S \u00ab\u00a0LE R\u00c9ALISATEUR\u00a0\u00bb<\/h5>\n<p id=\"u5046-38\"><strong>AGENCE CREATIVO<\/strong><br>\nSARL au capital de 1.000 euros,<br>\ndont le si\u00e8ge social est \u00e0 BEZIERS (34500),rue fran\u00e7aise n\u00b038, immatricul\u00e9e au RCS de BEZIERS sous le num\u00e9ro 535 048\u00a0508<br>\n<a class=\"nonblock\" href=\"mailto:contact@agencecreativo.com\"><span id=\"u5046-43\">contact@agencecreativo.com<\/span><\/a><\/p>\n\n<h5 id=\"u5046-50\">H\u00c9BERGEMENT DU SITE<\/h5>\n<p id=\"u5046-53\"><strong>GANDI.NET<\/strong><br>\nSAS au capital de 10.000.000 euros<br>\nCode APE 7010Z<br>\ndont le si\u00e8ge social est \u00e0 PARIS (75013), BOULEVARDE MASSENA N\u00b063, immatricul\u00e9e au RCS de PARIS B sous le num\u00e9ro 847 727 914<\/p>\n\n<\/div>\t\t\t\t\t\t\t\t<\/div>\n\t\t\t\t<\/div>\n\t\t\t\t\t<\/div>\n\t\t<\/div>\n\t\t\t\t\t<\/div>\n\t\t<\/section>\n\t\t\t\t<section class=\"elementor-section elementor-top-section elementor-element elementor-element-79f4618 elementor-section-boxed elementor-section-height-default elementor-section-height-default\" data-id=\"79f4618\" data-element_type=\"section\" data-e-type=\"section\">\n\t\t\t\t\t\t<div class=\"elementor-container elementor-column-gap-default\">\n\t\t\t\t\t<div class=\"elementor-column elementor-col-100 elementor-top-column elementor-element elementor-element-ccec898\" data-id=\"ccec898\" data-element_type=\"column\" data-e-type=\"column\">\n\t\t\t<div class=\"elementor-widget-wrap elementor-element-populated\">\n\t\t\t\t\t\t<div class=\"elementor-element elementor-element-6c5e3db elementor-widget elementor-widget-spacer\" data-id=\"6c5e3db\" data-element_type=\"widget\" data-e-type=\"widget\" data-widget_type=\"spacer.default\">\n\t\t\t\t<div class=\"elementor-widget-container\">\n\t\t\t\t\t\t\t<div class=\"elementor-spacer\">\n\t\t\t<div class=\"elementor-spacer-inner\"><\/div>\n\t\t<\/div>\n\t\t\t\t\t\t<\/div>\n\t\t\t\t<\/div>\n\t\t\t\t<div class=\"elementor-element elementor-element-3aac4b3 elementor-invisible elementor-widget elementor-widget-heading\" data-id=\"3aac4b3\" data-element_type=\"widget\" data-e-type=\"widget\" data-settings=\"{&quot;_animation&quot;:&quot;slideInLeft&quot;}\" data-widget_type=\"heading.default\">\n\t\t\t\t<div class=\"elementor-widget-container\">\n\t\t\t\t\t<h2 class=\"elementor-heading-title elementor-size-default\">Conditions g\u00e9n\u00e9rales d'utilisations<\/h2>\t\t\t\t<\/div>\n\t\t\t\t<\/div>\n\t\t\t\t<div class=\"elementor-element elementor-element-1f71089 elementor-widget elementor-widget-spacer\" data-id=\"1f71089\" data-element_type=\"widget\" data-e-type=\"widget\" data-widget_type=\"spacer.default\">\n\t\t\t\t<div class=\"elementor-widget-container\">\n\t\t\t\t\t\t\t<div class=\"elementor-spacer\">\n\t\t\t<div class=\"elementor-spacer-inner\"><\/div>\n\t\t<\/div>\n\t\t\t\t\t\t<\/div>\n\t\t\t\t<\/div>\n\t\t\t\t<div class=\"elementor-element elementor-element-a64ef59 animated-slow elementor-invisible elementor-widget elementor-widget-text-editor\" data-id=\"a64ef59\" data-element_type=\"widget\" data-e-type=\"widget\" data-settings=\"{&quot;_animation&quot;:&quot;slideInLeft&quot;}\" data-widget_type=\"text-editor.default\">\n\t\t\t\t<div class=\"elementor-widget-container\">\n\t\t\t\t\t\t\t\t\t<div id=\"u5048-4\" class=\"clearfix colelem shared_content\" data-muse-uid=\"U5048\" data-muse-type=\"txt_frame\" data-ibe-flags=\"txtStyleSrc\" data-content-guid=\"u5048-4_content\"><div id=\"u5048-4\" class=\"clearfix colelem shared_content\" data-muse-uid=\"U5048\" data-muse-type=\"txt_frame\" data-ibe-flags=\"txtStyleSrc\" data-content-guid=\"u5048-4_content\">\u00a0<\/div><div id=\"u5049-4\" class=\"clearfix colelem shared_content\" data-muse-uid=\"U5049\" data-muse-type=\"txt_frame\" data-ibe-flags=\"txtStyleSrc\" data-content-guid=\"u5049-4_content\">\u00a0<\/div><div id=\"u5047-88\" class=\"clearfix colelem shared_content\" data-muse-uid=\"U5047\" data-muse-type=\"txt_frame\" data-ibe-flags=\"txtStyleSrc\" data-content-guid=\"u5047-88_content\"><h5 id=\"u5047-2\">ARTICLE 1 \u2013 CONTENU DU SITE<\/h5><p id=\"u5047-5\">Toutes les marques, photographies, textes, commentaires, illustrations, images anim\u00e9es ou non, s\u00e9quences vid\u00e9o, sons, ainsi que toutes les applications informatiques qui pourraient \u00eatre utilis\u00e9es pour faire fonctionner ce Site et plus g\u00e9n\u00e9ralement tous les \u00e9l\u00e9ments reproduits ou utilis\u00e9s sur le Site sont prot\u00e9g\u00e9s par les lois en vigueur au titre de la propri\u00e9t\u00e9 intellectuelle. Ils sont la propri\u00e9t\u00e9 pleine et enti\u00e8re de l&rsquo;Editeur ou de ses partenaires.<\/p><p id=\"u5047-8\">Toute reproduction, repr\u00e9sentation, utilisation ou adaptation, sous quelque forme que ce soit, de tout ou partie de ces \u00e9l\u00e9ments, y compris les applications informatiques, sans l&rsquo;accord pr\u00e9alable et \u00e9crit de l&rsquo;Editeur, sont strictement interdites. Le fait pour l&rsquo;Editeur de ne pas engager de proc\u00e9dure d\u00e8s la prise de connaissance de ces utilisations non autoris\u00e9es ne vaut pas acceptation desdites utilisations et renonciation aux poursuites.<\/p><p id=\"u5047-11\">\u00a0<\/p><h5 id=\"u5047-13\">ARTICLE 2 \u2013 GESTION DU SITE<\/h5><p id=\"u5047-16\">Pour la bonne gestion du site, l&rsquo;Editeur pourra \u00e0 tout moment\u00a0:<\/p><p id=\"u5047-19\">\u00a0&#8211;\u00a0 Suspendre, interrompre ou limiter l&rsquo;acc\u00e8s \u00e0 tout ou partie du Site, r\u00e9server l&rsquo;acc\u00e8s\u00a0 au Site, ou \u00e0 certaines parties du Site, \u00e0 une cat\u00e9gorie d\u00e9termin\u00e9e d&rsquo;internaute\u00a0;<\/p><p id=\"u5047-22\">\u00a0&#8211;\u00a0\u00a0Supprimer toute information pouvant en perturber le fonctionnement ou entrant en\u00a0 contravention avec les lois nationales ou internationales\u00a0;<\/p><p id=\"u5047-25\">\u00a0&#8211;\u00a0\u00a0Suspendre le Site afin de proc\u00e9der \u00e0 des mises \u00e0 jour.<\/p><p id=\"u5047-28\">\u00a0<\/p><h5 id=\"u5047-30\">ARTICLE 3 \u2013 RESPONSABILIT\u00c9S<\/h5><p id=\"u5047-33\">La responsabilit\u00e9 de l&rsquo;Editeur ne peut \u00eatre engag\u00e9e en cas de d\u00e9faillance, panne, difficult\u00e9 ou interruption de fonctionnement, emp\u00eachant l&rsquo;acc\u00e8s au Site ou \u00e0 une de ses fonctionnalit\u00e9s.<\/p><p id=\"u5047-36\">Le mat\u00e9riel de connexion au Site que vous utilisez est sous votre enti\u00e8re responsabilit\u00e9. Vous devez prendre toutes les mesures appropri\u00e9es pour prot\u00e9ger votre mat\u00e9riel et vos propres donn\u00e9es notamment d&rsquo;attaques virales par Internet. Vous \u00eates par ailleurs le seul responsable des sites et donn\u00e9es que vous consultez.<\/p><p id=\"u5047-39\">L&rsquo;Editeur ne pourra \u00eatre tenu responsable en cas de poursuites judiciaires \u00e0 votre encontre :<\/p><p id=\"u5047-40\">\u00a0<\/p><p id=\"u5047-42\">&#8211;\u00a0\u00a0du fait de l&rsquo;usage du Site ou de tout service accessible via Internet\u00a0;<\/p><p id=\"u5047-45\">&#8211;\u00a0\u00a0du fait du non-respect par vous des pr\u00e9sentes conditions d\u2019utilisation.<\/p><p id=\"u5047-48\">L&rsquo;Editeur n&rsquo;est pas responsable des dommages caus\u00e9s \u00e0 vous-m\u00eame, \u00e0 des tiers et\/ou \u00e0 votre \u00e9quipement du fait de votre connexion ou de votre utilisation du Site et vous renoncez \u00e0 toute action contre lui de ce fait.<\/p><p id=\"u5047-51\">\u00a0<\/p><h5 id=\"u5047-53\">ARTICLE 4 \u2013 LIENS HYPERTEXTES<\/h5><p id=\"u5047-56\">Le R\u00e9alisateur et l\u2019Editeur du Site d\u00e9clinent toute responsabilit\u00e9 quant \u00e0 toute information rendue accessible depuis le Site via un lien quel qu\u2019il soit, lesdites informations n\u2019\u00e9tant pas sous leur contr\u00f4le.<\/p><p id=\"u5047-57\">\u00a0<\/p><p id=\"u5047-59\">La mise en place par vous de tous liens hypertextes vers tout ou partie du Site est strictement interdite, sauf autorisation pr\u00e9alable et \u00e9crite de l&rsquo;Editeur.<\/p><p id=\"u5047-62\">L&rsquo;Editeur est libre de refuser cette autorisation sans avoir \u00e0 justifier de quelque mani\u00e8re que ce soit sa d\u00e9cision. Dans le cas o\u00f9 l&rsquo;Editeur accorderait son autorisation, celle-ci n&rsquo;est dans tous les cas que temporaire et pourra \u00eatre retir\u00e9e \u00e0 tout moment, sans obligation de justification.<\/p><p id=\"u5047-65\">Dans tous les cas, tout lien devra \u00eatre retir\u00e9 sur simple demande de l&rsquo;Editeur.<\/p><p id=\"u5047-68\">\u00a0<\/p><h5 id=\"u5047-70\">ARTICLE 5 \u2013 COLLECTE DE DONN\u00c9ES<\/h5><p id=\"u5047-73\">Vous pouvez consulter le Site de fa\u00e7on anonyme sans fournir la moindre information personnelle.<\/p><p id=\"u5047-75\">Les informations que vous communiquerez sont exclusivement destin\u00e9es \u00e0 l\u2019Editeur et ne seront jamais utilis\u00e9es \u00e0 d\u2019autres fins que celles pour lesquelles vous les avez communiqu\u00e9es.<\/p><p id=\"u5047-78\">Conform\u00e9ment aux dispositions de la loi n\u00b0\u00a078-17 du 6 janvier 1978 modifi\u00e9e, relative \u00e0 l&rsquo;informatique, aux fichiers et aux libert\u00e9s, vous disposez d&rsquo;un droit d&rsquo;acc\u00e8s, d&rsquo;interrogation, de modification et de suppression des informations qui vous concernent, \u00e0 exercer \u00e0 tout moment aupr\u00e8s de l&rsquo;Editeur, soit par courrier postal, soit par courriel, aux adresses de l\u2019Editeur mentionn\u00e9es \u00e0 l\u2019Article 1 des pr\u00e9sentes conditions d\u2019utilisation.<\/p><p id=\"u5047-81\">Pour des raisons de s\u00e9curit\u00e9 et \u00e9viter toute demande frauduleuse, cette demande devra \u00eatre accompagn\u00e9e d&rsquo;un justificatif d&rsquo;identit\u00e9. Apr\u00e8s traitement de la demande ce justificatif sera d\u00e9truit.<\/p><\/div><\/div>\t\t\t\t\t\t\t\t<\/div>\n\t\t\t\t<\/div>\n\t\t\t\t\t<\/div>\n\t\t<\/div>\n\t\t\t\t\t<\/div>\n\t\t<\/section>\n\t\t\t\t<\/div>","protected":false},"excerpt":{"rendered":"<p>Mentions l\u00e9gales SITE, CI-APR\u00c8S \u00ab\u00a0LE SITE\u00a0\u00bb www.lamentheuse.com DIRECTEUR DE PUBLICATION DU SITE Monsieur Lionel Albano EDITEUR DU SITE, CI-APR\u00c8S \u00ab\u00a0L\u2019EDITEUR\u00a0\u00bb LA MENTHEUSE SARL au capital de 10.000 euros, dont le si\u00e8ge social est \u00e0 AGDE (34300), rue Pierre Paul Riquet n\u00b011, immatricul\u00e9e au RCS de AGDE sous le num\u00e9ro 837 707 991 contact@lamentheuse.com CONCEPTION ET [&hellip;]<\/p>\n","protected":false},"author":1,"featured_media":0,"parent":21,"menu_order":2,"comment_status":"closed","ping_status":"closed","template":"","meta":{"footnotes":""},"class_list":["post-40","page","type-page","status-publish","hentry"],"yoast_head":"<!-- This site is optimized with the Yoast SEO plugin v27.4 - https:\/\/yoast.com\/product\/yoast-seo-wordpress\/ -->\n<title>Mentions l\u00e9gales - LA MENTHEUSE<\/title>\n<meta name=\"robots\" content=\"index, follow, max-snippet:-1, max-image-preview:large, max-video-preview:-1\" \/>\n<link rel=\"canonical\" href=\"https:\/\/www.lamentheuse.com\/en\/contact\/mentions-legales\/\" \/>\n<meta property=\"og:locale\" content=\"en_GB\" \/>\n<meta property=\"og:type\" content=\"article\" \/>\n<meta property=\"og:title\" content=\"Mentions l\u00e9gales - LA MENTHEUSE\" \/>\n<meta property=\"og:description\" content=\"Mentions l\u00e9gales SITE, CI-APR\u00c8S \u00ab\u00a0LE SITE\u00a0\u00bb www.lamentheuse.com DIRECTEUR DE PUBLICATION DU SITE Monsieur Lionel Albano EDITEUR DU SITE, CI-APR\u00c8S \u00ab\u00a0L\u2019EDITEUR\u00a0\u00bb LA MENTHEUSE SARL au capital de 10.000 euros, dont le si\u00e8ge social est \u00e0 AGDE (34300), rue Pierre Paul Riquet n\u00b011, immatricul\u00e9e au RCS de AGDE sous le num\u00e9ro 837 707 991 contact@lamentheuse.com CONCEPTION ET [&hellip;]\" \/>\n<meta property=\"og:url\" content=\"https:\/\/www.lamentheuse.com\/en\/contact\/mentions-legales\/\" \/>\n<meta property=\"og:site_name\" content=\"LA MENTHEUSE\" \/>\n<meta property=\"article:modified_time\" content=\"2022-05-05T17:05:02+00:00\" \/>\n<meta name=\"twitter:card\" content=\"summary_large_image\" \/>\n<meta name=\"twitter:label1\" content=\"Estimated reading time\" \/>\n\t<meta name=\"twitter:data1\" content=\"4 minutes\" \/>\n<script type=\"application\/ld+json\" class=\"yoast-schema-graph\">{\"@context\":\"https:\\\/\\\/schema.org\",\"@graph\":[{\"@type\":\"WebPage\",\"@id\":\"https:\\\/\\\/www.lamentheuse.com\\\/contact\\\/mentions-legales\\\/\",\"url\":\"https:\\\/\\\/www.lamentheuse.com\\\/contact\\\/mentions-legales\\\/\",\"name\":\"Mentions l\u00e9gales - LA MENTHEUSE\",\"isPartOf\":{\"@id\":\"https:\\\/\\\/www.lamentheuse.com\\\/#website\"},\"datePublished\":\"2021-12-16T17:42:50+00:00\",\"dateModified\":\"2022-05-05T17:05:02+00:00\",\"breadcrumb\":{\"@id\":\"https:\\\/\\\/www.lamentheuse.com\\\/contact\\\/mentions-legales\\\/#breadcrumb\"},\"inLanguage\":\"en-GB\",\"potentialAction\":[{\"@type\":\"ReadAction\",\"target\":[\"https:\\\/\\\/www.lamentheuse.com\\\/contact\\\/mentions-legales\\\/\"]}]},{\"@type\":\"BreadcrumbList\",\"@id\":\"https:\\\/\\\/www.lamentheuse.com\\\/contact\\\/mentions-legales\\\/#breadcrumb\",\"itemListElement\":[{\"@type\":\"ListItem\",\"position\":1,\"name\":\"Accueil\",\"item\":\"https:\\\/\\\/www.lamentheuse.com\\\/\"},{\"@type\":\"ListItem\",\"position\":2,\"name\":\"Contact\",\"item\":\"https:\\\/\\\/www.lamentheuse.com\\\/contact\\\/\"},{\"@type\":\"ListItem\",\"position\":3,\"name\":\"Mentions l\u00e9gales\"}]},{\"@type\":\"WebSite\",\"@id\":\"https:\\\/\\\/www.lamentheuse.com\\\/#website\",\"url\":\"https:\\\/\\\/www.lamentheuse.com\\\/\",\"name\":\"LA MENTHEUSE\",\"description\":\"Les cr\u00e8mes d&#039;antan tout en l\u00e9g\u00e8ret\u00e9 et fra\u00eecheur\",\"potentialAction\":[{\"@type\":\"SearchAction\",\"target\":{\"@type\":\"EntryPoint\",\"urlTemplate\":\"https:\\\/\\\/www.lamentheuse.com\\\/?s={search_term_string}\"},\"query-input\":{\"@type\":\"PropertyValueSpecification\",\"valueRequired\":true,\"valueName\":\"search_term_string\"}}],\"inLanguage\":\"en-GB\"}]}<\/script>\n<!-- \/ Yoast SEO plugin. -->","yoast_head_json":{"title":"Mentions l\u00e9gales - LA MENTHEUSE","robots":{"index":"index","follow":"follow","max-snippet":"max-snippet:-1","max-image-preview":"max-image-preview:large","max-video-preview":"max-video-preview:-1"},"canonical":"https:\/\/www.lamentheuse.com\/en\/contact\/mentions-legales\/","og_locale":"en_GB","og_type":"article","og_title":"Mentions l\u00e9gales - LA MENTHEUSE","og_description":"Mentions l\u00e9gales SITE, CI-APR\u00c8S \u00ab\u00a0LE SITE\u00a0\u00bb www.lamentheuse.com DIRECTEUR DE PUBLICATION DU SITE Monsieur Lionel Albano EDITEUR DU SITE, CI-APR\u00c8S \u00ab\u00a0L\u2019EDITEUR\u00a0\u00bb LA MENTHEUSE SARL au capital de 10.000 euros, dont le si\u00e8ge social est \u00e0 AGDE (34300), rue Pierre Paul Riquet n\u00b011, immatricul\u00e9e au RCS de AGDE sous le num\u00e9ro 837 707 991 contact@lamentheuse.com CONCEPTION ET [&hellip;]","og_url":"https:\/\/www.lamentheuse.com\/en\/contact\/mentions-legales\/","og_site_name":"LA MENTHEUSE","article_modified_time":"2022-05-05T17:05:02+00:00","twitter_card":"summary_large_image","twitter_misc":{"Estimated reading time":"4 minutes"},"schema":{"@context":"https:\/\/schema.org","@graph":[{"@type":"WebPage","@id":"https:\/\/www.lamentheuse.com\/contact\/mentions-legales\/","url":"https:\/\/www.lamentheuse.com\/contact\/mentions-legales\/","name":"Mentions l\u00e9gales - LA MENTHEUSE","isPartOf":{"@id":"https:\/\/www.lamentheuse.com\/#website"},"datePublished":"2021-12-16T17:42:50+00:00","dateModified":"2022-05-05T17:05:02+00:00","breadcrumb":{"@id":"https:\/\/www.lamentheuse.com\/contact\/mentions-legales\/#breadcrumb"},"inLanguage":"en-GB","potentialAction":[{"@type":"ReadAction","target":["https:\/\/www.lamentheuse.com\/contact\/mentions-legales\/"]}]},{"@type":"BreadcrumbList","@id":"https:\/\/www.lamentheuse.com\/contact\/mentions-legales\/#breadcrumb","itemListElement":[{"@type":"ListItem","position":1,"name":"Accueil","item":"https:\/\/www.lamentheuse.com\/"},{"@type":"ListItem","position":2,"name":"Contact","item":"https:\/\/www.lamentheuse.com\/contact\/"},{"@type":"ListItem","position":3,"name":"Mentions l\u00e9gales"}]},{"@type":"WebSite","@id":"https:\/\/www.lamentheuse.com\/#website","url":"https:\/\/www.lamentheuse.com\/","name":"LA MENTHEUSE","description":"Les cr\u00e8mes d&#039;antan tout en l\u00e9g\u00e8ret\u00e9 et fra\u00eecheur","potentialAction":[{"@type":"SearchAction","target":{"@type":"EntryPoint","urlTemplate":"https:\/\/www.lamentheuse.com\/?s={search_term_string}"},"query-input":{"@type":"PropertyValueSpecification","valueRequired":true,"valueName":"search_term_string"}}],"inLanguage":"en-GB"}]}},"_links":{"self":[{"href":"https:\/\/www.lamentheuse.com\/en\/wp-json\/wp\/v2\/pages\/40","targetHints":{"allow":["GET"]}}],"collection":[{"href":"https:\/\/www.lamentheuse.com\/en\/wp-json\/wp\/v2\/pages"}],"about":[{"href":"https:\/\/www.lamentheuse.com\/en\/wp-json\/wp\/v2\/types\/page"}],"author":[{"embeddable":true,"href":"https:\/\/www.lamentheuse.com\/en\/wp-json\/wp\/v2\/users\/1"}],"replies":[{"embeddable":true,"href":"https:\/\/www.lamentheuse.com\/en\/wp-json\/wp\/v2\/comments?post=40"}],"version-history":[{"count":19,"href":"https:\/\/www.lamentheuse.com\/en\/wp-json\/wp\/v2\/pages\/40\/revisions"}],"predecessor-version":[{"id":6374,"href":"https:\/\/www.lamentheuse.com\/en\/wp-json\/wp\/v2\/pages\/40\/revisions\/6374"}],"up":[{"embeddable":true,"href":"https:\/\/www.lamentheuse.com\/en\/wp-json\/wp\/v2\/pages\/21"}],"wp:attachment":[{"href":"https:\/\/www.lamentheuse.com\/en\/wp-json\/wp\/v2\/media?parent=40"}],"curies":[{"name":"wp","href":"https:\/\/api.w.org\/{rel}","templated":true}]}}